{"id":229,"date":"2023-07-02T19:53:31","date_gmt":"2023-07-02T17:53:31","guid":{"rendered":"https:\/\/www.cranjala.com\/?page_id=229"},"modified":"2023-07-02T20:03:42","modified_gmt":"2023-07-02T18:03:42","slug":"r_vystavy","status":"publish","type":"page","link":"https:\/\/www.cranjala.com\/?page_id=229","title":{"rendered":"R_shows"},"content":{"rendered":"\n<h2 class=\"wp-block-heading has-neve-link-hover-color-color has-text-color\">RUDA Z DER\u017dE &#8211; V\u00ddSLEDKY V\u00ddSTAV<\/h2>\n\n\n\n<p>B\u011bhem rok\u016f 2015 \u2013 2017 se Ruddie z\u00fa\u010dastnil v\u00edce jak 50 v\u00fdstav, p\u0159ev\u00e1\u017en\u011b mezin\u00e1rodn\u00edch nebo speci\u00e1ln\u00edch \u010di klubov\u00fdch. Poka\u017ed\u00e9 byl v\u0161emi rozhod\u010d\u00edmi ocen\u011bn zn\u00e1mkou V\u00ddBORN\u00c1 1 a ve sv\u00e9 t\u0159\u00edd\u011b zv\u00edt\u011bzil. I v konkurenci \u010dern\u00fdch pudl\u016f z\u00edskal\u00a0mnohokr\u00e1t BOB a BOJ. Moc d\u011bkujeme v\u0161em rozhod\u010d\u00edm za jejich ocen\u011bn\u00ed.<\/p>\n\n\n\n<hr class=\"wp-block-separator has-alpha-channel-opacity\"\/>\n\n\n\n<div class=\"wp-block-columns is-layout-flex wp-container-core-columns-is-layout-9d6595d7 wp-block-columns-is-layout-flex\">\n<div class=\"wp-block-column is-layout-flow wp-block-column-is-layout-flow\">\n<p>&#8222;<em>2,5let\u00fd pes, v\u00fdborn\u00e1 velikost a form\u00e1t, typicky sam\u010d\u00ed hlava, v\u00fdborn\u011b vyzna\u010den\u00e1 spodn\u00ed \u010delist, dlouh\u00fd krk, v\u00fdborn\u00fd ve v\u0161ech parametrech standardu pudla, v\u00fdborn\u00e1 textura srsti a barva, profesion\u00e1ln\u00ed p\u0159edveden\u00ed.<\/em>&#8222;<br><strong><em>Petra Ulrichov\u00e1 Pliskov\u00e1, CZ<\/em><\/strong><\/p>\n\n\n\n<p>&#8222;<em>Velmi elegantn\u00ed pes, harmonick\u00fd form\u00e1t, v\u00fdborn\u00e1, typick\u00e1 v\u00fd\u0161ka. Elegantn\u00ed hlava se spr\u00e1vn\u00fdm pohlavn\u00edm v\u00fdrazem. Harmonick\u00e1 stavba t\u011bla, v\u00fdborn\u00e1 substance. Korektn\u00ed za\u00fahlen\u00ed obou p\u00e1r\u016f kon\u010detin, v\u00fdborn\u00e9 nasazen\u00ed i nesen\u00ed ocasu. Typick\u00fd korektn\u00ed pohyb, v\u00fdborn\u00fd v postoji. V\u00fdborn\u00e1 kvalita, barva i struktura srsti, v\u00fdborn\u00e1 st\u0159ihov\u00e1 \u00faprava. Typick\u00fd p\u0159edstavitel plemene.<\/em>&#8222;<br><strong><em>Kay Smulczynski, DE<\/em><\/strong><\/p>\n\n\n\n<p>!<em>Temperamentn\u00ed mlad\u00fd pes dobr\u00e9ho typu, spr\u00e1vn\u00e9 proporce, v\u00fdrazn\u00e1 sam\u010d\u00ed hlava, u\u0161i spr\u00e1vn\u00e9 d\u00e9lky, dostate\u010dn\u011b hlubok\u00fd hrudn\u00edk, p\u0159edhrud\u00ed je\u0161t\u011b chyb\u00ed. Pevn\u00e1 h\u0159bet, v\u00fdborn\u00e9 za\u00fahlen\u00ed. Velmi dobr\u00e1 kvalita srsti, v\u00fdborn\u00e1 mechanika pohybu.<\/em>&#8222;<br><strong><em>Hana Arens, AT<\/em><\/strong><\/p>\n<\/div>\n\n\n\n<div class=\"wp-block-column is-layout-flow wp-block-column-is-layout-flow\">\n<p>&#8222;<em>T\u00e9m\u011b\u0159 dvoulet\u00fd velmi atraktivn\u00ed pes, v\u00fdborn\u00e9ho form\u00e1tu, vysoce u\u0161lechtil\u00e1 hlava, korektn\u00ed skus, plnochrup\u00fd, v\u00fdborn\u011b osrst\u011bn\u00e9 masit\u00e9 ucho, dosahuje mezi \u0161pi\u010d\u00e1k a koutek, v\u00fdborn\u00e1 s\u00edla kostry, v\u00fdborn\u00e1 d\u00e9lka krku, h\u0159betn\u00ed linie rovn\u00e1 a pevn\u00e1, ocas dob\u0159e nasazen i nesen, korektn\u00ed postaven\u00ed i za\u00fahlen\u00ed obou p\u00e1r\u016f kon\u010detin, v\u00fdborn\u00e1 mechanika pohybu, v\u00fdborn\u00e9 p\u0159edveden\u00ed, v\u00fdborn\u00e1 kvalita, struktura i barva srsti.<\/em> <br><strong><em>Tom\u00e1\u0161 Ku\u010dera, CZ<\/em><\/strong><\/p>\n\n\n\n<p>&#8222;<em>N\u00e1dhern\u011b rostl\u00fd pudl, kr\u00e1sn\u00e1 hlava a v\u00fdraz, ve v\u0161ech sm\u011brech velmi bl\u00edzko standardu. P\u0159edv\u00e1d\u00ed se s velk\u00fdm stylem a sebev\u011bdom\u00edm. N\u00e1dhern\u00fd hn\u011bd\u00fd pes, kter\u00e9ho si zapamatujete.<\/em><br><strong><em>Ute Wellhofer, DE<\/em><\/strong><\/p>\n\n\n\n<p>&#8222;<em>9m\u011bs\u00ed\u010dn\u00ed elegantn\u00ed pes, v\u00fdb .proporc\u00ed, v\u00fdb. v type, v\u00fdb. stavba a osvalenie vzhledem k veku, v\u00fdborn\u00e9 uhlenie, v\u00fdb. kvalita a farba srsti, velmi p\u011bkn\u00e1 sam\u010d\u00ed hlava, chvost spr\u00e1vne nasadeny aj neseny, v\u00fdborn\u00fd temperament.<\/em>&#8222;<br><strong><em>Lucie Sl\u00e1dekov\u00e1, SK<\/em><\/strong><\/p>\n<\/div>\n\n\n\n<div class=\"wp-block-column is-layout-flow wp-block-column-is-layout-flow\">\n<p>&#8222;<em>21 m\u011bs\u00ed\u010dn\u00ed pes hn\u011bd\u00e9ho pudla, p\u011bkn\u00e1 hlava, kompletn\u00ed t\u011bsn\u00e9 n\u016f\u017eky, pevn\u00fd rovn\u00fd h\u0159bet, v\u00fdborn\u00e1 hloubka hrudn\u00edku, v\u00fdborn\u00e9 \u00fahlen\u00ed kon\u010detin, v\u00fdborn\u00e1 kvalita srsti, p\u011bkn\u00e1 hn\u011bd\u00e1 barva, upraven v baby st\u0159ihu, voln\u011bj\u0161\u00ed pohyb, v\u00fdborn\u00e1 prezentace v kruhu.<\/em>&#8222;<br><strong><em>Ta\u0165\u00e1na Novotn\u00e1, CZ<\/em><\/strong><\/p>\n\n\n\n<p><em>&#8222;Vynikaj\u00edc\u00ed celkov\u00fd zjav, excel. hlava, velmi p\u011bkn\u00fd sam\u010d\u00ed v\u00fdraz, v\u00fdb. chrb. Horn\u00e1 linia, pevn\u00fd hrudn\u00edk, korek. Staven\u00e9 predn\u00ed nohy, v\u00fdborn\u00e9 zadn\u00ed nohy, v\u00fdborn\u00e1 prezentace, pohybuje se impozantn\u011b, korektn\u00ed pohyb, v\u00fdborn\u00e1 srst.<\/em>&#8222;<br><strong><em>Liane Kubbe, DE<\/em><\/strong><\/p>\n\n\n\n<p>&#8222;<em>Velmi elegantn\u00ed a efektn\u00ed pes, spr\u00e1vn\u00e9ho r\u00e1mce t\u011bla, v\u00fdborn\u00e1 sam\u010d\u00ed hlava, v\u00fdborn\u00e9 oko, ucho elegantn\u00ed krk, v\u00fdborn\u00fd h\u0159bet a ocas, v\u00fdborn\u00e9 za\u00fahlen\u00ed kon\u010detin, v\u00fdborn\u00e9 rovn\u00e9 a pevn\u00e9 p\u0159edn\u00ed kon\u010detiny, v\u00fdborn\u00e9 za\u00fahlen\u00ed a akce zadn\u00edch kon\u010detin, v\u00fdborn\u00e1 kvalita a \u00faprava srsti, elegantn\u00ed efektn\u00ed pohyb, v\u00fdborn\u00fd temperament a p\u0159edveden\u00ed.<\/em>&#8222;<br><strong><em>Rafal First, PL<\/em><\/strong><\/p>\n<\/div>\n<\/div>\n\n\n\n<hr class=\"wp-block-separator has-alpha-channel-opacity\"\/>\n\n\n\n<div class=\"wp-block-columns is-layout-flex wp-container-core-columns-is-layout-9d6595d7 wp-block-columns-is-layout-flex\">\n<div class=\"wp-block-column is-layout-flow wp-block-column-is-layout-flow\">\n<h2 class=\"wp-block-heading has-neve-link-color-color has-text-color\"><strong>2017<\/strong><\/h2>\n\n\n\n<p>10.9.2017 \/\/\u00a0KV KPaChP, Konopi\u0161t\u011b \/\/\u00a0Champion Class<br>Judge:\u00a0Petra Ku\u010derov\u00e1, CZ<br><strong>V1, CAC<br>Nejlep\u0161\u00ed hn\u011bd\u00fd pudl v\u00fdstavy, 2. nejlep\u0161\u00ed pes v\u00fdstavy<\/strong><\/p>\n\n\n\n<p>2.9.2017 \/\/&nbsp;Luxemburg Dog Show&nbsp;\/\/&nbsp;Champion Class<br>Judge:&nbsp;Lisbeth Mach<br><strong>V1, CAC, CACL, CACIB, BEST MALE, BOB<\/strong><strong><br><\/strong><strong>BENELUX WINNER, CRUFT QUALIFICATION<\/strong><strong><br><\/strong><strong>LUXEMBOURG CHAMPION<\/strong><strong>&nbsp;<\/strong><\/p>\n\n\n\n<p>28.5.2017 \/\/&nbsp;KV KPaChP \/\/&nbsp;Honour&nbsp;Class<br>Judge:&nbsp;Mario Funk, DE<br>V1 <strong>Nejlep\u0161\u00ed \u010destn\u00fd pes&nbsp;<\/strong><\/p>\n\n\n\n<p>7.5.2017 \/\/ IHA Erfurt \/\/&nbsp;Champion Class<br>Judge: Carmen Fischer, DE<br>V1, CAC PZV, res CAC VDH&nbsp;<\/p>\n\n\n\n<p>6.5.2017 \/\/ NHA Erfurt \/\/&nbsp;Champion Class<br>Judges: Doris K\u00fchn, DE (breed) and Antonio Mra\u010devi\u0107, MNE<br>V1, CAC,&nbsp;<strong>Best male, BOB, #2 BEST IN GROUP IX<br><\/strong>Spln\u011bny podm\u00ednky pro zisk titulu<strong>&nbsp;N\u011bmeck\u00fd \u0161ampion<br><br><\/strong>16.4.2017 \/\/ IDS Praha, CZ \/\/ Champion class<br>Judge:&nbsp;Lene Kildeborg Jakobsen (DK)<br><strong>V1, CAC<br>1. place in Juniorhandling<br><br><\/strong>9.4.2017 \/\/ IDS Salzburg, AT&nbsp;\/\/ Open Class<br>Judge: Iris Urschitz&nbsp;(AT) \u2013 breed \/&nbsp;Erwin Deutscher (AT) (Group IX)<br><strong>V1, CACA,CACIB,&nbsp;BOB, res.BIG IX<br><\/strong>Spln\u011bny podm\u00ednky pro zisk titulu<strong>&nbsp;Rakousk\u00fd \u0161ampion<\/strong><\/p>\n\n\n\n<p>12.3.2017 \/\/ CS KPaChP&nbsp;Praha, CZ&nbsp;\/\/ Champion&nbsp;Class<br>Judge:&nbsp;Liane Kubbe (DE)<br><strong>V1, CAC, \u010c\u0160\u0160,&nbsp;<\/strong><strong>2. medium male<\/strong><\/p>\n\n\n\n<p>21.1.2017 \/\/ IDS Ljubljana II \/\/ Champion class<br>Judge: Bruno Nodalli (IT)<br><strong>V1, CAC, CACIB,&nbsp;<\/strong><strong>Best male, BOB&nbsp;<\/strong><\/p>\n\n\n\n<p>21.1.2017 \/\/ \u2013 Special show Ljubljana \/\/ Champion class<br>Judge: Monique Van Brempt (BE)<br><strong>V1, CAC,<\/strong>&nbsp;<strong>Best male, BOB<\/strong><\/p>\n\n\n\n<p>21.1.2017 \/\/ IDS Ljubljana I \/\/ Champion class<br>Judge: Stelios Makaritis, GR<br><strong>V1, CAC, resCACIB<\/strong><\/p>\n\n\n\n<p>9.1.2017 \/\/ IDS, N\u00fcrnberg, DE \/\/ Champion class<br>Judge: Tom\u00e1\u0161 Ku\u010dera\u00a0(CZ)<br><strong>V1, CAC DPK, CAC VDH, resCACIB<\/strong><\/p>\n<\/div>\n\n\n\n<div class=\"wp-block-column is-layout-flow wp-block-column-is-layout-flow\">\n<h2 class=\"wp-block-heading has-neve-link-color-color has-text-color\"><strong>2016<\/strong><strong><\/strong><\/h2>\n\n\n\n<p>18.12.2016 \/\/ KV KPaChP, CZ&nbsp;\/\/ Open Class<br>Judge:&nbsp;Petra Ulrichov\u00e1 Pliskov\u00e1<br>V1, \u010cK\u0160,&nbsp;3. nejlep\u0161\u00ed st\u0159edn\u00ed pes<\/p>\n\n\n\n<p>13.11.2016 \/\/ NDS&nbsp;Karlsruhe, DE \/\/ Open Class<br>Judge: Christa Klotz<br><strong>V1, CAC DPK,&nbsp;CAC VDH,<\/strong><strong>&nbsp;Sieger Karlsruhe, BOB!!!<\/strong><\/p>\n\n\n\n<p>12.11.2016 \/\/ IDS&nbsp;Karlsruhe, DE \/\/ Open Class<br>Judge: Ute Eberhard<br><strong>V1, CAC DPK,<\/strong>&nbsp;<strong>CAC VDH, CACIB, ALPENSIEGER, BOB<br>Spln\u011bny podm\u00ednky pro zisk titulu C.I.B. (FCI International Champion)<\/strong><\/p>\n\n\n\n<p>2.10.2016 \/\/ IHA&nbsp;Tulln,&nbsp;AU \/\/&nbsp;Champion class<br>Rings judge: Lisbeth MACH, CH&nbsp;<br><strong>V1, CAC, resCACIB&nbsp;<\/strong>(za&nbsp;C.I.B. psem)<\/p>\n\n\n\n<p>26.6.2016 \/\/ Club Speciality Show&nbsp;SKCHP, Kamenn\u00fd Ml\u00fdn, SK \/\/&nbsp;Champion class<br>Judge: Lianne Kubbe, DE<br><strong>V1, CAC,&nbsp;<\/strong><strong>V\u00edt\u011bz speci\u00e1ln\u00ed v\u00fdstavy, BOB, Spln\u011bny podm\u00ednky pro&nbsp;SK&nbsp;GRAND CHAMPION<\/strong><strong>&nbsp;<\/strong><\/p>\n\n\n\n<p>25.6.2016 \/\/ ClubShow&nbsp;SKCHP, Kamenn\u00fd Ml\u00fdn, SK \/\/&nbsp;Champion class<br>Judge: Petroula Richard, FR&nbsp;<br><strong>V1, CAC,&nbsp;<\/strong><strong>Klubov\u00fd v\u00edt\u011bz, BOB, Nejlep\u0161\u00ed Baby st\u0159ih, #3 BISS, \u0160ampion Slovensk\u00e9ho klubu chovatel\u016f pudl\u016f&nbsp;<\/strong><\/p>\n\n\n\n<p>19.6.2016 \/\/ IDS Klagenfurt,&nbsp;AU \/\/&nbsp;Champion class<br>Rings judge: Hassi Assenmacher-Feyel, DE \/&nbsp;Finals judge: Iris Urschitz, AU<br><strong>V1, CAC, CACIB,&nbsp;<\/strong><strong>BOB,&nbsp;#1&nbsp;BIG IX&nbsp;<\/strong><\/p>\n\n\n\n<p>18.6.2016 \/\/ IDS Klagenfurt,&nbsp;AU \/\/&nbsp;Champion class<br>Rings judge: Iris Urschitz, AU \/&nbsp;Finals judge: Tina Sterguljc-Krusic, SLO<br><strong>V1, CAC,<\/strong><strong>&nbsp;CACIB,&nbsp;Alpensieger, BOB,&nbsp;#1&nbsp;BIG IX&nbsp;<\/strong><\/p>\n\n\n\n<p>4.6.2016 \/\/ CS, Kolesa, CZ \/\/&nbsp;Champion class<br>Rings judge:&nbsp;Ute Uberhard, DE<br><strong>V1, CAC<\/strong><\/p>\n\n\n\n<p>29.5.2016 \/\/ IDS, Litom\u011b\u0159ice, CZ \/\/&nbsp;Champion class<br>Rings judge: Tom\u00e1\u0161 Ku\u010dera, CZ \/&nbsp;Finals judge: Bruno Nodalli, IT<br><strong>V1, CAC, CACIB,&nbsp;<\/strong><strong>BOB,&nbsp;#1&nbsp;BIG IX&nbsp;<\/strong><\/p>\n\n\n\n<p>22.5.2016 \/\/ IHA, Wieselburg, AUT \/\/Champion class<br>Judge: Monika Blaha<br><strong>V1, CACA, resCACIB<\/strong><\/p>\n\n\n\n<p>1.5.2016 \/\/ IDS, Praha, CZ \/\/&nbsp;Champion class<br>Rings judge: T\u00f6rnl\u00f6v Nils-Arne, SWE \/&nbsp;Finals judge: M. V\u00e1clav\u00edk (CZ)<br><strong>V1,CAC, CACIB,&nbsp;<\/strong><strong>BOB,&nbsp;#5&nbsp;BIG IX&nbsp;<\/strong>&nbsp;<strong>Finished CZ GRAND CHAMPION<\/strong><br>1. place in Juniorhandling with 12 years old handler<\/p>\n\n\n\n<p>30.4.2016 \/\/ Club show KPaCHP, Praha, CZ \/\/&nbsp;Champion class<br>Judge: T\u00f6rnl\u00f6v Anna, SWE<br><strong>V1, CAC,&nbsp;<\/strong><strong>Club winner,&nbsp;Best medium male, Best male, BEST IN SHOW<\/strong><\/p>\n\n\n\n<p>24.4.2016 \/\/ IDS, \u010cesk\u00e9 Bud\u011bjovice, CZ \/\/&nbsp;Champion class<br>Judge:&nbsp;Ta\u0165\u00e1na Novotn\u00e1 (CZ) \/ Finals:&nbsp;Otakar Vondrou\u0161<br><strong>V1, CAC, CACIB,&nbsp;<\/strong><strong>BOB,&nbsp;#5&nbsp;BIG IX&nbsp;<\/strong><\/p>\n\n\n\n<p>10.4.2016 \/\/ IHA Salzburk, AUT \/\/ Open class<br>Judge: P. Machetanz, DE<br><strong>V1, CACA, res. CACIB<\/strong>&nbsp;(behind ICH)<\/p>\n\n\n\n<p>1.4.2016 \/\/ SK Victory Show \/\/&nbsp;Junior Class<br>Judge: Linda Volarikova, SK<br><strong>V1, CAC,&nbsp;<\/strong><strong>Junior Victory Winner&nbsp;<\/strong><\/p>\n\n\n\n<p>2.4.2016 \/\/ IDS Nitrawa Cup, SK \/\/ Champion Class<br>Judge Bruno Nodali, IT<br><strong>V1, CAC, res. CACIB&nbsp;<\/strong>&nbsp;(behind Multi BISS ICH)<br><strong>Finished SLOVAK CHAMPION<\/strong><\/p>\n\n\n\n<p>3.4.2016 \/\/ Nitra Winner Show \/\/&nbsp;Champion Class<br>Judge: Jaroslav Maty\u00e1\u0161, SK<br><strong>V1, CAC, res. CACIB<\/strong>&nbsp;(behind Multi BISS ICH)<\/p>\n\n\n\n<p>20.3.2016 \/\/ Club Show KPaCHP, CZ \/\/&nbsp;Winner class<br>Judge: Pet Richard (FR)<br><strong>V1, CAC,<\/strong><strong>&nbsp;#1 Best medium male,&nbsp;#2 Best male from all varieties<\/strong><\/p>\n\n\n\n<p>21.2.2016 \/\/ IDS, Celje, SLO \/\/&nbsp;Intermediate class<br>Judge:&nbsp;Linda Vol\u00e1rikov\u00e1 (SK)<br><strong>V1, CAC, res. CACIB<\/strong>&nbsp;(behind WW14 &amp; ICH)<\/p>\n\n\n\n<p>20.2.2016 \/\/ IDS Celje, SLO \/\/&nbsp;Intermediate class<br>Judge: Nata\u0161a Blanu\u0161a (CRO)<br><strong>V1, CAC<\/strong><\/p>\n\n\n\n<p>7.2.2016 \/\/ International Dog Show, Brno, CZ \/\/&nbsp;Intermediate class<br>Judge:&nbsp;Tamas Jakkel (HU)<br><strong>V1, CAC<\/strong><br><strong>Finished CZECH CHAMPION<\/strong><br><strong>1. place in Juniorhandling with 12 years old handler<\/strong><\/p>\n\n\n\n<p>6.2.2016 \/\/ International Dog Show, Brno, CZ \/\/\u00a0Intermediate class<br>Judge: Vitalij Bielski (UK)<br><strong>V1, CAC\u00a0<\/strong> 9.1.2016 \/\/ International Dog Show, N\u00fcrnberg, DE \/\/\u00a0Intermediate class<br>Judge:\u00a0Andrea Ernst (DE)<br><strong>V1, CAC, Ant.DT.CH.VDH, CACIB,\u00a0Alpensieger<\/strong><\/p>\n\n\n\n<p><\/p>\n<\/div>\n\n\n\n<div class=\"wp-block-column is-layout-flow wp-block-column-is-layout-flow\">\n<h2 class=\"wp-block-heading has-neve-link-color-color has-text-color\">2015<\/h2>\n\n\n\n<p>13.12.2015 \/\/ Club Show KPaCHP, CZ \/\/ Intermediate&nbsp;class<br>Judge:&nbsp;Alena Ko\u0161\u0165\u00e1lov\u00e1 (CZ)<br><strong>V1, CAC<\/strong><\/p>\n\n\n\n<p>29.11.2015 \/\/ International Dog Show, Nitra, SK \/\/&nbsp;Intermediate class<br>Judge: Francesco Cochetti (IT)<br><strong>V1, CAC, res CACIB<\/strong><\/p>\n\n\n\n<p>28.11.2015 \/\/ International Dog Show, Nitra, SK \/\/&nbsp;Intermediate class<br>Judge:&nbsp;Linda Vol\u00e1rikov\u00e1 (SK)<br><strong>V1, CAC, res CACIB&nbsp;(behind ICH)<\/strong><\/p>\n\n\n\n<p>1.11.2015 \/\/ International Dog Show, DUOCACIB, Praha, CZ \/\/&nbsp;Intermediate class<br>Judge:&nbsp;Anna Rodowska (PL)<br><strong>V1, CAC&nbsp;<\/strong><\/p>\n\n\n\n<p>31.10.2015 \/\/ International Dog Show, DUOCACIB, Praha, CZ \/\/&nbsp;Intermediate class<br>Judge: Rafal First (PL)<br><strong>V1, CAC<\/strong><\/p>\n\n\n\n<p>25.10.2015 \/\/ International Dog Show, DANUBE DUOCACIB, Bratislava, SK \/\/&nbsp;Intermediate class<br>Judge:&nbsp;Igor Selimovi\u010d (CRO)<br><strong>V1, CAC, res CACIB&nbsp;(behind ICH)<\/strong><\/p>\n\n\n\n<p>24.10.2015 \/\/ International Dog Show, DANUBE DUOCACIB, Bratislava, SK \/\/&nbsp;Intermediate class<br>Judge: Yolanda Nagler, ISR<br><strong>V1, CAC<\/strong><\/p>\n\n\n\n<p class=\"has-nv-c-2-color has-text-color\"><strong>\u2014 JUNIOR CLASS \u2014<\/strong><\/p>\n\n\n\n<p>6.9.2015 \/\/ Club Show Speciality (Klub p\u0159\u00e1tel a chovatel\u016f pudl\u016f), Konopi\u0161t\u011b, CZ \/\/&nbsp;Junior class<br>Judge:&nbsp;Lene Kildeborg Jakobsen (DK)<br><strong>V1, CAJC,&nbsp;<\/strong><strong>#1 Best brown poodle,&nbsp;#1 Best Junior male,&nbsp;#2 Best In Show !!!<\/strong><\/p>\n\n\n\n<p>8.8.2015 \/\/ Club Show Pudl Klub, Kladno, CZ \/\/<br>Junior class&nbsp;Judge: Larisa Postolova, RU<br><strong>V1, CAJC<\/strong><\/p>\n\n\n\n<p>19.7.2015 \/\/&nbsp;NDS Interdog Bohemia, Mlad\u00e1 Boleslav, CZ \/\/&nbsp;Junior class<br>Judge: Alena Ko\u0161\u0165\u00e1lov\u00e1, CZ<br><strong>V1, CAJC,&nbsp;<\/strong><strong>Junior BOB<\/strong><\/p>\n\n\n\n<p>28.6.2015 \/\/&nbsp;IDS Intercanis Brno, CZ \/\/&nbsp;Junior class<br>Judge:&nbsp;Claudiode Giuliani, IT (poodles) \/ Otakar Vondoru\u0161, CZ (finals)<br><strong>V1, CAJC,&nbsp;<\/strong><strong>BOJ,&nbsp;Junior Best In Group FCI gr. IX,&nbsp;Junior Best Of Day<\/strong><\/p>\n\n\n\n<p>27.6.2015 \/\/&nbsp;OKV KCHP Brno, CZ \/\/&nbsp;Junior class<br>Judge: Rafal Firts, PL<br><strong>V1, CAJC,&nbsp;<\/strong><strong>BOJ,&nbsp;Best Junior Brown poodle, BIS Junior Male<\/strong><\/p>\n\n\n\n<p>7.6.2015 \/\/ MVP Nitra, CZ \/\/&nbsp;Junior class<br>Judge: Lucie Sl\u00e1dekov\u00e1, SK<br><strong>V1, CAJC,&nbsp;<\/strong><strong>BOJ, BOS,&nbsp;SK DERBY WINNER 2015<\/strong><br><strong>SK JUNIOR CHAMPION<\/strong><\/p>\n\n\n\n<p>6.6.2015 \/\/&nbsp;MVP Nitra, CZ \/\/&nbsp;Junior class<br>Judge: Claudio ES<br><strong>V1, CAJC,&nbsp;<\/strong><strong>Junior BOB,&nbsp;GRAND PRIX SLOVAKIA JUNIOR WINNER 2015<\/strong><\/p>\n\n\n\n<p>5.6.2015 \/\/ NVP Nitra, CZ \/\/Junior class<br>Judge: Kenneth Crockett, IR<br><strong>V1, CAJC,&nbsp;<\/strong><strong>Junior BOB, BOS<\/strong><\/p>\n\n\n\n<p>30.5.2015 \/\/ OKV Pudl klub, Kolesa u P\u0159elou\u010de, CZ \/\/&nbsp;Junior class<br>Judge: Hana Ahrens, AT<br><strong>V1, CAJC, \u010c\u0160M,&nbsp;<\/strong><strong>Junior BOB<\/strong><\/p>\n\n\n\n<p>24.5.2015 \/\/ MVP Litom\u011b\u0159ice, CZ \/\/&nbsp;Junior class<br>Judge: Jaroslava Ovesn\u00e1, CZ<br><strong>V1, CAJC,&nbsp;<\/strong><strong>Junior BOB<\/strong><\/p>\n\n\n\n<p><strong>\u2014 PUPPY CLASS \u2014<\/strong><\/p>\n\n\n\n<p>18.4.2015 \/\/ OKV KCHP Ho\u0159enec, CZ \/\/&nbsp;Puppy class<br>Judge: Kay Schmulczynski, DE<br><strong>VN1, \u010cD\u0160 \/&nbsp;Very promissing 1<\/strong><\/p>\n\n\n\n<p>28.2.2015 \/\/&nbsp;OKV KCHP Libice, CZ \/\/&nbsp;Puppy class<br>Judge: Alena Ko\u0161\u0165\u00e1lov\u00e1, CZ<br>VN1, \u010cD\u0160, Nejlep\u0161\u00ed dorost pes\/&nbsp;<strong>Very promissing 1,<\/strong><strong>&nbsp;Puppy BIS<\/strong><\/p>\n\n\n\n<p>8.2.2015 \/\/ MVP DUOCACIB Brno, CZ \/\/&nbsp;Puppy class<br>Judge: Bruno Nodali, IT<br><strong>VN1 \/ Very promissing<\/strong><\/p>\n\n\n\n<p>7.2.2015 \/\/ MVP DUOCACIB Brno, CZ \/\/&nbsp;Puppy class<br>Judge: Nikola Smoli\u010d, CRO<br><strong>VN1 \/ Very promissing<\/strong><\/p>\n<\/div>\n<\/div>\n\n\n\n<p><\/p>\n\n\n\n<p><\/p>\n","protected":false},"excerpt":{"rendered":"<p>RUDA Z DER\u017dE &#8211; V\u00ddSLEDKY V\u00ddSTAV B\u011bhem rok\u016f 2015 \u2013 2017 se Ruddie z\u00fa\u010dastnil v\u00edce jak 50 v\u00fdstav, p\u0159ev\u00e1\u017en\u011b mezin\u00e1rodn\u00edch nebo speci\u00e1ln\u00edch \u010di klubov\u00fdch. Poka\u017ed\u00e9 byl v\u0161emi rozhod\u010d\u00edmi ocen\u011bn zn\u00e1mkou V\u00ddBORN\u00c1 1 a ve sv\u00e9 t\u0159\u00edd\u011b zv\u00edt\u011bzil. I v konkurenci \u010dern\u00fdch pudl\u016f z\u00edskal\u00a0mnohokr\u00e1t BOB a BOJ. Moc d\u011bkujeme v\u0161em rozhod\u010d\u00edm za jejich ocen\u011bn\u00ed. &#8222;2,5let\u00fd pes,&hellip;&nbsp;<a href=\"https:\/\/www.cranjala.com\/?page_id=229\" class=\"\" rel=\"bookmark\">\u010c\u00edst d\u00e1le &raquo;<span class=\"screen-reader-text\">R_shows<\/span><\/a><\/p>\n","protected":false},"author":1,"featured_media":0,"parent":0,"menu_order":0,"comment_status":"closed","ping_status":"closed","template":"","meta":{"neve_meta_sidebar":"","neve_meta_container":"","neve_meta_enable_content_width":"","neve_meta_content_width":0,"neve_meta_title_alignment":"","neve_meta_author_avatar":"","neve_post_elements_order":"","neve_meta_disable_header":"","neve_meta_disable_footer":"","neve_meta_disable_title":"on","_ti_tpc_template_sync":false,"_ti_tpc_template_id":"","footnotes":""},"class_list":["post-229","page","type-page","status-publish","hentry"],"_links":{"self":[{"href":"https:\/\/www.cranjala.com\/index.php?rest_route=\/wp\/v2\/pages\/229","targetHints":{"allow":["GET"]}}],"collection":[{"href":"https:\/\/www.cranjala.com\/index.php?rest_route=\/wp\/v2\/pages"}],"about":[{"href":"https:\/\/www.cranjala.com\/index.php?rest_route=\/wp\/v2\/types\/page"}],"author":[{"embeddable":true,"href":"https:\/\/www.cranjala.com\/index.php?rest_route=\/wp\/v2\/users\/1"}],"replies":[{"embeddable":true,"href":"https:\/\/www.cranjala.com\/index.php?rest_route=%2Fwp%2Fv2%2Fcomments&post=229"}],"version-history":[{"count":2,"href":"https:\/\/www.cranjala.com\/index.php?rest_route=\/wp\/v2\/pages\/229\/revisions"}],"predecessor-version":[{"id":231,"href":"https:\/\/www.cranjala.com\/index.php?rest_route=\/wp\/v2\/pages\/229\/revisions\/231"}],"wp:attachment":[{"href":"https:\/\/www.cranjala.com\/index.php?rest_route=%2Fwp%2Fv2%2Fmedia&parent=229"}],"curies":[{"name":"wp","href":"https:\/\/api.w.org\/{rel}","templated":true}]}}