{"id":173,"date":"2023-07-02T13:05:40","date_gmt":"2023-07-02T11:05:40","guid":{"rendered":"https:\/\/www.cranjala.com\/?page_id=173"},"modified":"2023-07-02T20:32:21","modified_gmt":"2023-07-02T18:32:21","slug":"merlin","status":"publish","type":"page","link":"https:\/\/www.cranjala.com\/?page_id=173","title":{"rendered":"Merlin"},"content":{"rendered":"\n<div class=\"wp-block-columns is-layout-flex wp-container-core-columns-is-layout-9d6595d7 wp-block-columns-is-layout-flex\">\n<div class=\"wp-block-column is-layout-flow wp-block-column-is-layout-flow\">\n<figure class=\"wp-block-image size-large\"><img loading=\"lazy\" decoding=\"async\" width=\"715\" height=\"1024\" src=\"http:\/\/www.cranjala.com\/wp-content\/uploads\/IMG_2128-715x1024.jpg\" alt=\"\" class=\"wp-image-164\" srcset=\"https:\/\/www.cranjala.com\/wp-content\/uploads\/IMG_2128-715x1024.jpg 715w, https:\/\/www.cranjala.com\/wp-content\/uploads\/IMG_2128-210x300.jpg 210w, https:\/\/www.cranjala.com\/wp-content\/uploads\/IMG_2128-768x1099.jpg 768w, https:\/\/www.cranjala.com\/wp-content\/uploads\/IMG_2128-1073x1536.jpg 1073w, https:\/\/www.cranjala.com\/wp-content\/uploads\/IMG_2128-1431x2048.jpg 1431w, https:\/\/www.cranjala.com\/wp-content\/uploads\/IMG_2128-scaled.jpg 1788w\" sizes=\"auto, (max-width: 715px) 100vw, 715px\" \/><\/figure>\n<\/div>\n\n\n\n<div class=\"wp-block-column is-layout-flow wp-block-column-is-layout-flow\">\n<h2 class=\"wp-block-heading has-neve-link-hover-color-color has-text-color\">MERLIN Z AVALONU &#8211; &#8222;Merlin&#8220;<\/h2>\n\n\n\n<p style=\"font-size:17px\">Velk\u00fd \u010dern\u00fd pudl&nbsp; (bez PP)<\/p>\n\n\n\n<p style=\"font-size:17px\">Datum narozen\u00ed: 19. 10. 2000 \/ Datum \u00famrt\u00ed: 10. 3. 2014<\/p>\n\n\n\n<p style=\"font-size:17px\"><strong>O Merlinovi:<\/strong><br>Merlin byl \u010distokrevn\u00fd  velk\u00fd (kr\u00e1lovsk\u00fd) pudl. P\u0159esto\u017ee byl bez PP, byl to m\u016fj osudov\u00fd pes, takov\u00fd, kter\u00e9ho m\u00e1 \u010dlov\u011bk jedenkr\u00e1t za \u017eivot. Velmi inteligentn\u00ed, naprosto nekonfliktn\u00ed, z\u00e1rove\u0148 v\u0161ak skv\u011bl\u00fd p\u0159irozen\u00fd hl\u00edda\u010d a ochanitel na\u0161\u00ed rodiny. Pes, kter\u00fd t\u00e9me\u0159 nepot\u0159eboval povely, nato\u017e vod\u00edtko. <\/p>\n\n\n\n<p style=\"font-size:17px\"><strong>Sport &amp; v\u00fdcvik:<\/strong><br>Agility: A3<br>Coursingov\u00e1 licence <\/p>\n\n\n\n<p>Epitaf:<br>Zat\u00edm se mi neda\u0159\u00ed uv\u011b\u0159it, \u017ee najednou nejsi vedle mne. Byl jsi nejlep\u0161\u00ed ps\u00ed par\u0165\u00e1k, jak\u00e9ho m\u016f\u017ee \u010dlov\u011bk m\u00edt. Rozum\u011bli jsme si beze slov. Dalo by se o tob\u011b napsat mnoho, ale t\u011bm, kdo t\u011b znali, nic vysv\u011btlovat nemus\u00edm. A ti, kdo t\u011b nepoznali, by to stejn\u011b nepochopili. St\u00e1l jsi mi po boku od chv\u00edle, kdy jsem se osamostatnila od rodi\u010d\u016f, a s tebou ode\u0161el nejen kus m\u00e9ho \u017eivota, ale kus cel\u00e9 na\u0161\u00ed rodiny. Velk\u00fd kus l\u00e1sky a p\u0159\u00e1telstv\u00ed. Ale v\u011b\u0159\u00edm, \u017ee i ze ps\u00edho nebe mne bude\u0161 hl\u00eddat. Nav\u017edy z\u016fst\u00e1v\u00e1\u0161 v m\u00e9m srdci i m\u00e9 du\u0161i. M\u016fj nejlep\u0161\u00ed, nejmilovan\u011bj\u0161\u00ed\u00a0<img loading=\"lazy\" decoding=\"async\" height=\"16\" width=\"16\" src=\"https:\/\/static.xx.fbcdn.net\/images\/emoji.php\/v9\/tf3\/1.5\/16\/2764.png\" alt=\"\u2764\"><\/p>\n\n\n\n<p><\/p>\n\n\n\n<div class=\"wp-block-buttons is-layout-flex wp-block-buttons-is-layout-flex\">\n<div class=\"wp-block-button has-custom-font-size is-style-secondary has-medium-font-size\"><a class=\"wp-block-button__link wp-element-button\" href=\"https:\/\/www.cranjala.com\/?page_id=234\" target=\"_blank\" rel=\"noreferrer noopener\">Fotogalerie<\/a><\/div>\n<\/div>\n<\/div>\n<\/div>\n\n\n\n<p><\/p>\n","protected":false},"excerpt":{"rendered":"<p>MERLIN Z AVALONU &#8211; &#8222;Merlin&#8220; Velk\u00fd \u010dern\u00fd pudl&nbsp; (bez PP) Datum narozen\u00ed: 19. 10. 2000 \/ Datum \u00famrt\u00ed: 10. 3. 2014 O Merlinovi:Merlin byl \u010distokrevn\u00fd velk\u00fd (kr\u00e1lovsk\u00fd) pudl. P\u0159esto\u017ee byl bez PP, byl to m\u016fj osudov\u00fd pes, takov\u00fd, kter\u00e9ho m\u00e1 \u010dlov\u011bk jedenkr\u00e1t za \u017eivot. Velmi inteligentn\u00ed, naprosto nekonfliktn\u00ed, z\u00e1rove\u0148 v\u0161ak skv\u011bl\u00fd p\u0159irozen\u00fd hl\u00edda\u010d a ochanitel&hellip;&nbsp;<a href=\"https:\/\/www.cranjala.com\/?page_id=173\" class=\"\" rel=\"bookmark\">\u010c\u00edst d\u00e1le &raquo;<span class=\"screen-reader-text\">Merlin<\/span><\/a><\/p>\n","protected":false},"author":1,"featured_media":0,"parent":0,"menu_order":0,"comment_status":"closed","ping_status":"closed","template":"","meta":{"neve_meta_sidebar":"","neve_meta_container":"default","neve_meta_enable_content_width":"","neve_meta_content_width":0,"neve_meta_title_alignment":"","neve_meta_author_avatar":"","neve_post_elements_order":"","neve_meta_disable_header":"","neve_meta_disable_footer":"","neve_meta_disable_title":"on","_ti_tpc_template_sync":false,"_ti_tpc_template_id":"","footnotes":""},"class_list":["post-173","page","type-page","status-publish","hentry"],"_links":{"self":[{"href":"https:\/\/www.cranjala.com\/index.php?rest_route=\/wp\/v2\/pages\/173","targetHints":{"allow":["GET"]}}],"collection":[{"href":"https:\/\/www.cranjala.com\/index.php?rest_route=\/wp\/v2\/pages"}],"about":[{"href":"https:\/\/www.cranjala.com\/index.php?rest_route=\/wp\/v2\/types\/page"}],"author":[{"embeddable":true,"href":"https:\/\/www.cranjala.com\/index.php?rest_route=\/wp\/v2\/users\/1"}],"replies":[{"embeddable":true,"href":"https:\/\/www.cranjala.com\/index.php?rest_route=%2Fwp%2Fv2%2Fcomments&post=173"}],"version-history":[{"count":7,"href":"https:\/\/www.cranjala.com\/index.php?rest_route=\/wp\/v2\/pages\/173\/revisions"}],"predecessor-version":[{"id":241,"href":"https:\/\/www.cranjala.com\/index.php?rest_route=\/wp\/v2\/pages\/173\/revisions\/241"}],"wp:attachment":[{"href":"https:\/\/www.cranjala.com\/index.php?rest_route=%2Fwp%2Fv2%2Fmedia&parent=173"}],"curies":[{"name":"wp","href":"https:\/\/api.w.org\/{rel}","templated":true}]}}